{"id":66,"date":"2025-12-03T18:10:47","date_gmt":"2025-12-03T18:10:47","guid":{"rendered":"https:\/\/hoteleuropisc1.wpenginepowered.com\/en\/?page_id=66"},"modified":"2025-12-18T10:14:55","modified_gmt":"2025-12-18T10:14:55","slug":"breakfast","status":"publish","type":"page","link":"https:\/\/heh.de\/en\/breakfast\/","title":{"rendered":"Breakfast"},"content":{"rendered":"<p>[et_pb_section fb_built=&#8221;1&#8243; admin_label=&#8221;FRUESTUECK_slider&#8221; module_id=&#8221;wrapper_03_homepage_slider&#8221; module_class=&#8221;wrapper_03_homepage_slider&#8221; _builder_version=&#8221;4.27.4&#8243; _module_preset=&#8221;default&#8221; background_color=&#8221;RGBA(255,255,255,0)&#8221; locked=&#8221;off&#8221; global_colors_info=&#8221;{}&#8221;][et_pb_row use_custom_gutter=&#8221;on&#8221; make_equal=&#8221;on&#8221; admin_label=&#8221;homepage_slider&#8221; module_id=&#8221;wrapper_02_homepage_slider&#8221; module_class=&#8221;wrapper_02_homepage_slider&#8221; _builder_version=&#8221;4.27.4&#8243; _module_preset=&#8221;default&#8221; max_width=&#8221;1800px&#8221; global_colors_info=&#8221;{}&#8221;][et_pb_column type=&#8221;4_4&#8243; _builder_version=&#8221;4.27.4&#8243; _module_preset=&#8221;default&#8221; global_colors_info=&#8221;{}&#8221;][dipi_carousel columns=&#8221;3&#8243; space_between=&#8221;40&#8243; loop_wide=&#8221;on&#8221; autoplay_wide=&#8221;on&#8221; show_lightbox=&#8221;off&#8221; navigation=&#8221;on&#8221; pagination=&#8221;on&#8221; dynamic_bullets=&#8221;off&#8221; centered=&#8221;on&#8221; navigation_prev_icon_yn=&#8221;on&#8221; navigation_prev_icon=&#8221;&#xf053;||fa||900&#8243; navigation_next_icon_yn=&#8221;on&#8221; navigation_next_icon=&#8221;&#xf054;||fa||900&#8243; navigation_size=&#8221;18&#8243; navigation_padding=&#8221;18&#8243; navigation_color=&#8221;#FFFFFF&#8221; navigation_bg_color=&#8221;#d96538&#8243; pagination_color=&#8221;#565656&#8243; pagination_active_color=&#8221;#d96538&#8243; admin_label=&#8221;homepage_slider&#8221; module_id=&#8221;wrapper_01_homepage_slider&#8221; module_class=&#8221;wrapper_01_homepage_slider&#8221; _builder_version=&#8221;4.27.4&#8243; _module_preset=&#8221;default&#8221; global_colors_info=&#8221;{}&#8221;][dipi_carousel_child img_src=&#8221;https:\/\/heh.de\/en\/wp-content\/uploads\/sites\/5\/2025\/12\/homeage_slider_01.jpg&#8221; _builder_version=&#8221;4.27.4&#8243; _module_preset=&#8221;default&#8221; global_colors_info=&#8221;{}&#8221;][\/dipi_carousel_child][dipi_carousel_child img_src=&#8221;https:\/\/heh.de\/en\/wp-content\/uploads\/sites\/5\/2025\/12\/homeage_slider_02.jpg&#8221; _builder_version=&#8221;4.27.4&#8243; _module_preset=&#8221;default&#8221; global_colors_info=&#8221;{}&#8221;][\/dipi_carousel_child][dipi_carousel_child img_src=&#8221;https:\/\/heh.de\/en\/wp-content\/uploads\/sites\/5\/2025\/12\/homeage_slider_03.jpg&#8221; _builder_version=&#8221;4.27.4&#8243; _module_preset=&#8221;default&#8221; global_colors_info=&#8221;{}&#8221;][\/dipi_carousel_child][\/dipi_carousel][\/et_pb_column][\/et_pb_row][\/et_pb_section][et_pb_section fb_built=&#8221;1&#8243; admin_label=&#8221;slider_headline&#8221; module_id=&#8221;wraper_03_slider_headline&#8221; module_class=&#8221;wraper_03_slider_headline&#8221; _builder_version=&#8221;4.27.4&#8243; background_color=&#8221;RGBA(255,255,255,0)&#8221; locked=&#8221;off&#8221; global_colors_info=&#8221;{}&#8221;][et_pb_row admin_label=&#8221;slider_headline&#8221; module_id=&#8221;wraper_02_slider_headline&#8221; module_class=&#8221;wraper_02_slider_headline&#8221; _builder_version=&#8221;4.27.4&#8243; background_size=&#8221;initial&#8221; background_position=&#8221;top_left&#8221; background_repeat=&#8221;repeat&#8221; width=&#8221;60%&#8221; global_colors_info=&#8221;{}&#8221;][et_pb_column type=&#8221;4_4&#8243; _builder_version=&#8221;4.16&#8243; custom_padding=&#8221;|||&#8221; global_colors_info=&#8221;{}&#8221; custom_padding__hover=&#8221;|||&#8221;][et_pb_text admin_label=&#8221;slider_headline&#8221; module_id=&#8221;wraper_01_slider_headline&#8221; module_class=&#8221;wraper_01_slider_headline&#8221; _builder_version=&#8221;4.27.4&#8243; background_size=&#8221;initial&#8221; background_position=&#8221;top_left&#8221; background_repeat=&#8221;repeat&#8221; text_orientation=&#8221;center&#8221; global_colors_info=&#8221;{}&#8221;]<\/p>\n<h1>Das Hotel Europ\u00e4ischer Hof mit <span class=\"h1_bold\">seinem zeitlosen Charme und seiner zentralen Lage<\/span> ist Dein idealer Ausgangspunkt, um M\u00fcnchen zu genie\u00dfen.<\/h1>\n<p>[\/et_pb_text][\/et_pb_column][\/et_pb_row][\/et_pb_section]<\/p>\n","protected":false},"excerpt":{"rendered":"<p><div id=\"wrapper_01_homepage_slider\" class=\"et_pb_module dipi_carousel dipi_carousel_0 wrapper_01_homepage_slider\">\n\t\t\t\t\n\t\t\t\t\n\t\t\t\t\n\t\t\t\t\n\t\t\t\t\n\t\t\t\t\n\t\t\t\t<div class=\"et_pb_module_inner\">\n\t\t\t\t\t\n            <div class=\"dipi-carousel-main dipi_loading hide_lightbox hide_lightbox_tablet hide_lightbox_phone\" data-columnsdesktop='3' data-columnstablet='3' data-columnsphone='3' data-spacebetween='40' data-spacebetween_tablet='40' data-spacebetween_phone='40' data-speed='500|500|500' data-navigation='on' data-navigation_t='on' data-navigation_m='on' data-pagination='on' data-pagination_t='on' data-pagination_m='on' data-autoplay_settigns='{\"loop_wide\":\"on\",\"autoplay_wide\":\"on\",\"continues_wide\":\"off\",\"autoplay_reverse_wide\":\"off\",\"pause_on_hover_wide\":\"off\",\"autoplay_speed_wide\":\"5000\",\"loop_mid\":\"off\",\"autoplay_mid\":\"off\",\"continues_mid\":\"off\",\"autoplay_reverse_mid\":\"off\",\"pause_on_hover_mid\":\"off\",\"autoplay_speed_mid\":\"5000\",\"loop_small\":\"off\",\"autoplay_small\":\"off\",\"continues_small\":\"off\",\"autoplay_reverse_small\":\"off\",\"pause_on_hover_small\":\"off\",\"autoplay_speed_small\":\"5000\"}' data-effect='slide' data-rotate='50' data-dynamicbullets='off' data-ordernumber='0' data-centered='on' data-allow_touch_move='on' data-allow_touch_move_t='on' data-allow_touch_move_p='on' data-shadow='on' data-continues='off' style=\"display:none;\">\n                <div class=\"swiper-container\">\n                    <div class=\"dipi-carousel-wrapper\">\n                        <div class=\"et_pb_module dipi_carousel_child dipi_carousel_child_0\">\n\t\t\t\t\n\t\t\t\t\n\t\t\t\t\n\t\t\t\t\n\t\t\t\t\n\t\t\t\t\n\t\t\t\t<div class=\"et_pb_module_inner\">\n\t\t\t\t\t\n            <div class=\"dipi-carousel-child-wrapper\">\n                \n                <div class=\"dipi-image-wrap\"><span class=\"dipi-carousel-image  \"   >\n                        <img decoding=\"async\" width=\"1600\" height=\"1600\" src=\"https:\/\/heh.de\/en\/wp-content\/uploads\/sites\/5\/2025\/12\/homeage_slider_01.jpg\" alt=\"\" class=\"wp-image-176 dipi-c-img\" srcset=\"https:\/\/heh.de\/en\/wp-content\/uploads\/sites\/5\/2025\/12\/homeage_slider_01.jpg 1600w, https:\/\/heh.de\/en\/wp-content\/uploads\/sites\/5\/2025\/12\/homeage_slider_01-1280x1280.jpg 1280w, https:\/\/heh.de\/en\/wp-content\/uploads\/sites\/5\/2025\/12\/homeage_slider_01-980x980.jpg 980w, https:\/\/heh.de\/en\/wp-content\/uploads\/sites\/5\/2025\/12\/homeage_slider_01-480x480.jpg 480w\" sizes=\"(min-width: 0px) and (max-width: 480px) 480px, (min-width: 481px) and (max-width: 980px) 980px, (min-width: 981px) and (max-width: 1280px) 1280px, (min-width: 1281px) 1600px, 100vw\" \/>\n                        \n                    <\/span><\/div>\n                \n                \n                    \n                    \n                    \n                    \n                    \n                \n            <\/div>\n\t\t\t\t<\/div>\n\t\t\t<\/div><div class=\"et_pb_module dipi_carousel_child dipi_carousel_child_1\">\n\t\t\t\t\n\t\t\t\t\n\t\t\t\t\n\t\t\t\t\n\t\t\t\t\n\t\t\t\t\n\t\t\t\t<div class=\"et_pb_module_inner\">\n\t\t\t\t\t\n            <div class=\"dipi-carousel-child-wrapper\">\n                \n                <div class=\"dipi-image-wrap\"><span class=\"dipi-carousel-image  \"   >\n                        <img decoding=\"async\" width=\"1600\" height=\"1600\" src=\"https:\/\/heh.de\/en\/wp-content\/uploads\/sites\/5\/2025\/12\/homeage_slider_02.jpg\" alt=\"\" class=\"wp-image-184 dipi-c-img\" srcset=\"https:\/\/heh.de\/en\/wp-content\/uploads\/sites\/5\/2025\/12\/homeage_slider_02.jpg 1600w, https:\/\/heh.de\/en\/wp-content\/uploads\/sites\/5\/2025\/12\/homeage_slider_02-1280x1280.jpg 1280w, https:\/\/heh.de\/en\/wp-content\/uploads\/sites\/5\/2025\/12\/homeage_slider_02-980x980.jpg 980w, https:\/\/heh.de\/en\/wp-content\/uploads\/sites\/5\/2025\/12\/homeage_slider_02-480x480.jpg 480w\" sizes=\"(min-width: 0px) and (max-width: 480px) 480px, (min-width: 481px) and (max-width: 980px) 980px, (min-width: 981px) and (max-width: 1280px) 1280px, (min-width: 1281px) 1600px, 100vw\" \/>\n                        \n                    <\/span><\/div>\n                \n                \n                    \n                    \n                    \n                    \n                    \n                \n            <\/div>\n\t\t\t\t<\/div>\n\t\t\t<\/div><div class=\"et_pb_module dipi_carousel_child dipi_carousel_child_2\">\n\t\t\t\t\n\t\t\t\t\n\t\t\t\t\n\t\t\t\t\n\t\t\t\t\n\t\t\t\t\n\t\t\t\t<div class=\"et_pb_module_inner\">\n\t\t\t\t\t\n            <div class=\"dipi-carousel-child-wrapper\">\n                \n                <div class=\"dipi-image-wrap\"><span class=\"dipi-carousel-image  \"   >\n                        <img decoding=\"async\" width=\"1600\" height=\"1600\" src=\"https:\/\/heh.de\/en\/wp-content\/uploads\/sites\/5\/2025\/12\/homeage_slider_03.jpg\" alt=\"\" class=\"wp-image-178 dipi-c-img\" srcset=\"https:\/\/heh.de\/en\/wp-content\/uploads\/sites\/5\/2025\/12\/homeage_slider_03.jpg 1600w, https:\/\/heh.de\/en\/wp-content\/uploads\/sites\/5\/2025\/12\/homeage_slider_03-1280x1280.jpg 1280w, https:\/\/heh.de\/en\/wp-content\/uploads\/sites\/5\/2025\/12\/homeage_slider_03-980x980.jpg 980w, https:\/\/heh.de\/en\/wp-content\/uploads\/sites\/5\/2025\/12\/homeage_slider_03-480x480.jpg 480w\" sizes=\"(min-width: 0px) and (max-width: 480px) 480px, (min-width: 481px) and (max-width: 980px) 980px, (min-width: 981px) and (max-width: 1280px) 1280px, (min-width: 1281px) 1600px, 100vw\" \/>\n                        \n                    <\/span><\/div>\n                \n                \n                    \n                    \n                    \n                    \n                    \n                \n            <\/div>\n\t\t\t\t<\/div>\n\t\t\t<\/div>\n                    <\/div>\n                <\/div>\n                <div class=\"swiper-button-next swiper-arrow-button dipi-sbn0 \" data-icon=\"&#xf054;\"><\/div>\n                <div class=\"swiper-button-prev swiper-arrow-button dipi-sbp0 \" data-icon=\"&#xf053;\"><\/div>\n                \n                <div class=\"swiper-container-horizontal\">\n                    <div class=\"swiper-pagination dipi-sp0\"><\/div>\n                <\/div>\n            <\/div>\n\t\t\t\t<\/div>\n\t\t\t<\/div>Das Hotel Europ\u00e4ischer Hof mit seinem zeitlosen Charme und seiner zentralen Lage ist Dein idealer Ausgangspunkt, um M\u00fcnchen [&hellip;]<\/p>\n","protected":false},"author":2,"featured_media":0,"parent":0,"menu_order":0,"comment_status":"closed","ping_status":"closed","template":"","meta":{"_et_pb_use_builder":"on","_et_pb_old_content":"","_et_gb_content_width":"","footnotes":""},"dipi_cpt_category":[],"class_list":["post-66","page","type-page","status-publish","hentry"],"yoast_head":"<!-- This site is optimized with the Yoast SEO plugin v27.4 - https:\/\/yoast.com\/product\/yoast-seo-wordpress\/ -->\n<title>Breakfast - Hotel Europ\u00e4ischer Hof<\/title>\n<meta name=\"robots\" content=\"index, follow, max-snippet:-1, max-image-preview:large, max-video-preview:-1\" \/>\n<link rel=\"canonical\" href=\"https:\/\/heh.de\/en\/breakfast\/\" \/>\n<meta property=\"og:locale\" content=\"en_GB\" \/>\n<meta property=\"og:type\" content=\"article\" \/>\n<meta property=\"og:title\" content=\"Breakfast - Hotel Europ\u00e4ischer Hof\" \/>\n<meta property=\"og:description\" content=\"Das Hotel Europ\u00e4ischer Hof mit seinem zeitlosen Charme und seiner zentralen Lage ist Dein idealer Ausgangspunkt, um M\u00fcnchen [&hellip;]\" \/>\n<meta property=\"og:url\" content=\"https:\/\/heh.de\/en\/breakfast\/\" \/>\n<meta property=\"og:site_name\" content=\"Hotel Europ\u00e4ischer Hof\" \/>\n<meta property=\"article:modified_time\" content=\"2025-12-18T10:14:55+00:00\" \/>\n<meta name=\"twitter:card\" content=\"summary_large_image\" \/>\n<script type=\"application\/ld+json\" class=\"yoast-schema-graph\">{\"@context\":\"https:\\\/\\\/schema.org\",\"@graph\":[{\"@type\":\"WebPage\",\"@id\":\"https:\\\/\\\/heh.de\\\/en\\\/breakfast\\\/\",\"url\":\"https:\\\/\\\/heh.de\\\/en\\\/breakfast\\\/\",\"name\":\"Breakfast - Hotel Europ\u00e4ischer Hof\",\"isPartOf\":{\"@id\":\"https:\\\/\\\/heh.de\\\/en\\\/#website\"},\"datePublished\":\"2025-12-03T18:10:47+00:00\",\"dateModified\":\"2025-12-18T10:14:55+00:00\",\"breadcrumb\":{\"@id\":\"https:\\\/\\\/heh.de\\\/en\\\/breakfast\\\/#breadcrumb\"},\"inLanguage\":\"en-GB\",\"potentialAction\":[{\"@type\":\"ReadAction\",\"target\":[\"https:\\\/\\\/heh.de\\\/en\\\/breakfast\\\/\"]}]},{\"@type\":\"BreadcrumbList\",\"@id\":\"https:\\\/\\\/heh.de\\\/en\\\/breakfast\\\/#breadcrumb\",\"itemListElement\":[{\"@type\":\"ListItem\",\"position\":1,\"name\":\"Home\",\"item\":\"https:\\\/\\\/heh.de\\\/en\\\/\"},{\"@type\":\"ListItem\",\"position\":2,\"name\":\"Breakfast\"}]},{\"@type\":\"WebSite\",\"@id\":\"https:\\\/\\\/heh.de\\\/en\\\/#website\",\"url\":\"https:\\\/\\\/heh.de\\\/en\\\/\",\"name\":\"Hotel Europ\u00e4ischer Hof\",\"description\":\"Hotel M\u00fcnchen\",\"potentialAction\":[{\"@type\":\"SearchAction\",\"target\":{\"@type\":\"EntryPoint\",\"urlTemplate\":\"https:\\\/\\\/heh.de\\\/en\\\/?s={search_term_string}\"},\"query-input\":{\"@type\":\"PropertyValueSpecification\",\"valueRequired\":true,\"valueName\":\"search_term_string\"}}],\"inLanguage\":\"en-GB\"}]}<\/script>\n<!-- \/ Yoast SEO plugin. -->","yoast_head_json":{"title":"Breakfast - Hotel Europ\u00e4ischer Hof","robots":{"index":"index","follow":"follow","max-snippet":"max-snippet:-1","max-image-preview":"max-image-preview:large","max-video-preview":"max-video-preview:-1"},"canonical":"https:\/\/heh.de\/en\/breakfast\/","og_locale":"en_GB","og_type":"article","og_title":"Breakfast - Hotel Europ\u00e4ischer Hof","og_description":"Das Hotel Europ\u00e4ischer Hof mit seinem zeitlosen Charme und seiner zentralen Lage ist Dein idealer Ausgangspunkt, um M\u00fcnchen [&hellip;]","og_url":"https:\/\/heh.de\/en\/breakfast\/","og_site_name":"Hotel Europ\u00e4ischer Hof","article_modified_time":"2025-12-18T10:14:55+00:00","twitter_card":"summary_large_image","schema":{"@context":"https:\/\/schema.org","@graph":[{"@type":"WebPage","@id":"https:\/\/heh.de\/en\/breakfast\/","url":"https:\/\/heh.de\/en\/breakfast\/","name":"Breakfast - Hotel Europ\u00e4ischer Hof","isPartOf":{"@id":"https:\/\/heh.de\/en\/#website"},"datePublished":"2025-12-03T18:10:47+00:00","dateModified":"2025-12-18T10:14:55+00:00","breadcrumb":{"@id":"https:\/\/heh.de\/en\/breakfast\/#breadcrumb"},"inLanguage":"en-GB","potentialAction":[{"@type":"ReadAction","target":["https:\/\/heh.de\/en\/breakfast\/"]}]},{"@type":"BreadcrumbList","@id":"https:\/\/heh.de\/en\/breakfast\/#breadcrumb","itemListElement":[{"@type":"ListItem","position":1,"name":"Home","item":"https:\/\/heh.de\/en\/"},{"@type":"ListItem","position":2,"name":"Breakfast"}]},{"@type":"WebSite","@id":"https:\/\/heh.de\/en\/#website","url":"https:\/\/heh.de\/en\/","name":"Hotel Europ\u00e4ischer Hof","description":"Hotel M\u00fcnchen","potentialAction":[{"@type":"SearchAction","target":{"@type":"EntryPoint","urlTemplate":"https:\/\/heh.de\/en\/?s={search_term_string}"},"query-input":{"@type":"PropertyValueSpecification","valueRequired":true,"valueName":"search_term_string"}}],"inLanguage":"en-GB"}]}},"_links":{"self":[{"href":"https:\/\/heh.de\/en\/wp-json\/wp\/v2\/pages\/66","targetHints":{"allow":["GET"]}}],"collection":[{"href":"https:\/\/heh.de\/en\/wp-json\/wp\/v2\/pages"}],"about":[{"href":"https:\/\/heh.de\/en\/wp-json\/wp\/v2\/types\/page"}],"author":[{"embeddable":true,"href":"https:\/\/heh.de\/en\/wp-json\/wp\/v2\/users\/2"}],"replies":[{"embeddable":true,"href":"https:\/\/heh.de\/en\/wp-json\/wp\/v2\/comments?post=66"}],"version-history":[{"count":0,"href":"https:\/\/heh.de\/en\/wp-json\/wp\/v2\/pages\/66\/revisions"}],"wp:attachment":[{"href":"https:\/\/heh.de\/en\/wp-json\/wp\/v2\/media?parent=66"}],"wp:term":[{"taxonomy":"dipi_cpt_category","embeddable":true,"href":"https:\/\/heh.de\/en\/wp-json\/wp\/v2\/dipi_cpt_category?post=66"}],"curies":[{"name":"wp","href":"https:\/\/api.w.org\/{rel}","templated":true}]}}