{"id":264,"date":"2025-12-10T11:17:13","date_gmt":"2025-12-10T11:17:13","guid":{"rendered":"https:\/\/hoteleuropisc1.wpenginepowered.com\/en\/?page_id=264"},"modified":"2025-12-18T10:14:21","modified_gmt":"2025-12-18T10:14:21","slug":"terms-and-conditions","status":"publish","type":"page","link":"https:\/\/heh.de\/en\/terms-and-conditions\/","title":{"rendered":"Terms and conditions"},"content":{"rendered":"<p>[et_pb_section fb_built=&#8221;1&#8243; admin_label=&#8221;AGB_rechtstexte&#8221; module_id=&#8221;wrapper_03_rechtstexte&#8221; module_class=&#8221;wrapper_03_rechtstexte&#8221; _builder_version=&#8221;4.27.4&#8243; _module_preset=&#8221;default&#8221; background_color=&#8221;RGBA(255,255,255,0)&#8221; global_colors_info=&#8221;{}&#8221;][et_pb_row admin_label=&#8221;rechtstexte&#8221; module_id=&#8221;wrapper_02_rechtstexte&#8221; module_class=&#8221;wrapper_02_rechtstexte&#8221; _builder_version=&#8221;4.27.4&#8243; _module_preset=&#8221;default&#8221; global_colors_info=&#8221;{}&#8221;][et_pb_column type=&#8221;4_4&#8243; _builder_version=&#8221;4.27.4&#8243; _module_preset=&#8221;default&#8221; global_colors_info=&#8221;{}&#8221;][et_pb_text admin_label=&#8221;rechtstexte&#8221; module_id=&#8221;wrapper_01_rechtstexte&#8221; module_class=&#8221;wrapper_01_rechtstexte&#8221; _builder_version=&#8221;4.27.4&#8243; _module_preset=&#8221;default&#8221; hover_enabled=&#8221;0&#8243; global_colors_info=&#8221;{}&#8221; sticky_enabled=&#8221;0&#8243;]<\/p>\n<h1>AGB<\/h1>\n<h3>1. Geltungsbereich<\/h3>\n<p><strong>1.1)<\/strong> Diese Gesch\u00e4ftsbedingungen gelten f\u00fcr Vertr\u00e4ge \u00fcber die mietweise \u00dcberlassung von Hotelzimmern zur Beherbergung sowie alle in diesem Zusammenhang f\u00fcr den Kunden erbrachten weiteren Leistungen und Lieferungen des Hotels (Hotelaufnahmevertrag). Der Begriff \u201eHotelaufnahmevertrag\u201c umfasst und ersetzt folgende Begriffe: Beherbergungs-, Gastaufnahme-, Hotel-, Hotelzimmervertrag.<\/p>\n<p><strong>1.2)<\/strong> Die Unter- oder Weitervermietung der \u00fcberlassenen Zimmer sowie deren Nutzung zu anderen als Beherbergungszwecken bed\u00fcrfen der vorherigen Zustimmung des Hotels in Textform, wobei \u00a7 540 Absatz 1 Satz 2 BGB abbedungen wird, soweit der Kunde nicht Verbraucher ist.<\/p>\n<p><strong>1.3)<\/strong> Allgemeine Gesch\u00e4ftsbedingungen des Kunden finden nur Anwendung, wenn dies vorher ausdr\u00fccklich vereinbart wurde.<\/p>\n<h3>2. Vertragsabschluss, -Partner, Verj\u00e4hrung<\/h3>\n<p><strong>2.1)<\/strong> Vertragspartner sind das Hotel und der Kunde. Der Vertrag kommt durch die Annahme des Antrags des Kunden durch das Hotel zustande. Dem Hotel steht es frei, die Zimmerbuchung in Textform zu best\u00e4tigen.<\/p>\n<p><strong>2.2)<\/strong> Alle Anspr\u00fcche gegen das Hotel verj\u00e4hren grunds\u00e4tzlich in einem Jahr ab dem gesetzlichen Verj\u00e4hrungsbeginn. Schadensersatzanspr\u00fcche verj\u00e4hren kenntnisabh\u00e4ngig in f\u00fcnf Jahren, soweit sie nicht auf einer Verletzung des Lebens, des K\u00f6rpers, der Gesundheit oder der Freiheit beruhen. Diese Schadensersatzanspr\u00fcche verj\u00e4hren kenntnisunabh\u00e4ngig in zehn Jahren. Die Verj\u00e4hrungsverk\u00fcrzungen gelten nicht bei Anspr\u00fcchen, die auf einer vors\u00e4tzlichen oder grob fahrl\u00e4ssigen Pflichtverletzung des Hotels beruhen.<\/p>\n<h3>3. Leistungen, Preise, Zahlung, Aufrechnung<\/h3>\n<p><strong>3.1)<\/strong> Das Hotel ist verpflichtet, die vom Kunden gebuchten Zimmer bereitzuhalten und die vereinbarten Leistungen zu erbringen.<\/p>\n<p><strong>3.2)<\/strong> Der Kunde ist verpflichtet, die f\u00fcr die Zimmer\u00fcberlassung und die von ihm in Anspruch genommenen weiteren Leistungen vereinbarten bzw. geltenden Preise des Hotels zu zahlen. Dies gilt auch f\u00fcr vom Kunden direkt oder \u00fcber das Hotel beauftragte Leistungen, die durch Dritte erbracht und vom Hotel verauslagt werden.<\/p>\n<p><strong>3.3)<\/strong> Die vereinbarten Preise verstehen sich einschlie\u00dflich der zum Zeitpunkt des Vertragsschlusses geltenden Steuern und lokalen Abgaben. Nicht enthalten sind lokale Abgaben, die nach dem jeweiligen Kommunalrecht vom Gast selbst geschuldet sind, wie zum Beispiel Kurtaxe.\u2028Bei \u00c4nderung der gesetzlichen Umsatzsteuer oder der Neueinf\u00fchrung, \u00c4nderung oder Abschaffung lokaler Abgaben auf den Leistungsgegenstand nach Vertragsschluss werden die Preise entsprechend angepasst. Bei Vertr\u00e4gen mit Verbrauchern gilt dieses nur, wenn der Zeitraum zwischen Vertragsabschluss und Vertragserf\u00fcllung vier Monate \u00fcberschreitet.<\/p>\n<p><strong>3.4)<\/strong> Das Hotel kann seine Zustimmung zu einer vom Kunden gew\u00fcnschten nachtr\u00e4glichen Verringerung der Anzahl der gebuchten Zimmer, der Leistung des Hotels oder der Aufenthaltsdauer des Kunden davon abh\u00e4ngig machen, dass sich der Preis f\u00fcr die Zimmer und\/oder f\u00fcr die sonstigen Leistungen des Hotels erh\u00f6ht.<\/p>\n<p><strong>3.5)<\/strong> Rechnungen des Hotels ohne F\u00e4lligkeitsdatum sind binnen zehn Tagen ab Zugang der Rechnung ohne Abzug zahlbar. Das Hotel kann die unverz\u00fcgliche Zahlung f\u00e4lliger Forderungen jederzeit vom Kunden verlangen. Bei Zahlungsverzug ist das Hotel berechtigt, die jeweils geltenden gesetzlichen Verzugszin- sen in H\u00f6he von derzeit 8 % bzw. bei Rechtsgesch\u00e4ften, an denen ein Verbraucher beteiligt ist, in H\u00f6he von 5 % \u00fcber dem Basiszinssatz zu verlangen. Dem Hotel bleibt der Nachweis eines h\u00f6heren Schadens vorbehalten.<\/p>\n<p><strong>3.6)<\/strong> Das Hotel ist berechtigt, bei Vertragsschluss vom Kunden eine angemessene Vorauszahlung oder Sicherheitsleistung, zum Beispiel in Form einer Kreditkartengarantie, zu verlangen. Die H\u00f6he der Vorauszahlung und die Zahlungstermine k\u00f6nnen im Vertrag in Textform vereinbart werden. Bei Vorauszahlungen oder Sicherheitsleistungen f\u00fcr Pauschalreisen bleiben die gesetzlichen Bestimmungen unber\u00fchrt.<\/p>\n<p><strong>3.7)<\/strong> In begr\u00fcndeten F\u00e4llen, zum Beispiel Zahlungsr\u00fcckstand des Kunden oder Erweiterung des Vertragsumfanges, ist das Hotel berechtigt, auch nach Vertragsschluss bis zu Beginn des Aufenthaltes eine Vorauszahlung oder Sicherheitsleistung im Sinne vorstehender Ziffer 3.6 oder eine Anhebung der im Vertrag vereinbarten Vorauszahlung oder Sicherheitsleistung bis zur vollen vereinbarten Verg\u00fctung zu verlangen.<\/p>\n<p><strong>3.8)<\/strong> Das Hotel ist ferner berechtigt, zu Beginn und w\u00e4hrend des Aufenthaltes vom Kunden eine angemessene Vorauszahlung oder Sicherheitsleistung im Sinne vorstehender Ziffer 3.6 f\u00fcr bestehende und k\u00fcnftige Forderungen aus dem Vertrag zu verlangen, soweit eine solche nicht bereits gem\u00e4\u00df vorstehender Ziffer 3.6 und\/oder Ziffer 3.7 geleistet wurde.<\/p>\n<p><strong>3.9)<\/strong> Der Kunde kann nur mit einer unstreitigen oder rechtskr\u00e4ftigen Forderung gegen\u00fcber einer Forderung des Hotels aufrechnen oder verrechnen.<\/p>\n<h3>4. R\u00fccktritt des Kunden (Abbestellung, Stornierung)\/ Nichtinanspruchnahme der Leistungen des Hotels (no show)<\/h3>\n<p><strong>4.1)<\/strong> Ein R\u00fccktritt des Kunden von dem mit dem Hotel geschlossenen Vertrag ist innerhalb der ersten 6 Stunden nach Buchung m\u00f6glich, oder wenn ein R\u00fccktrittsrecht im Vertrag ausdr\u00fccklich vereinbart wurde, ein sonstiges gesetzliches R\u00fccktrittsrecht besteht oder wenn das Hotel der Vertragsaufhebung ausdr\u00fccklich zustimmt. Die Vereinbarung eines R\u00fccktrittsrechtes sowie die etwaige Zustimmung zu einer Vertragsaufhebung sollen jeweils in Textform erfolgen.<\/p>\n<p><strong>4.2)<\/strong> Sofern zwischen dem Hotel und dem Kunden ein Termin zum kostenfreien R\u00fccktritt vom Vertrag vereinbart wurde, kann der Kunde bis dahin vom Vertrag zur\u00fccktreten, ohne Zahlungs- oder Schadensersatzanspr\u00fcche des Hotels auszul\u00f6sen. Das R\u00fccktrittsrecht des Kunden erlischt, wenn er nicht bis zum vereinbarten Termin sein Recht zum R\u00fccktritt gegen\u00fcber dem Hotel aus\u00fcbt.<\/p>\n<p><strong>4.3)<\/strong> Ist ein R\u00fccktrittsrecht nicht vereinbart oder bereits erloschen, besteht auch kein gesetzliches R\u00fccktritts- oder K\u00fcndigungsrecht und stimmt das Hotel einer Vertragsaufhebung nicht zu, beh\u00e4lt das Hotel den Anspruch auf die vereinbarte Verg\u00fctung trotz Nichtinanspruchnahme der Leistung. Das Hotel hat die Einnahmen aus anderweitiger Vermietung der Zimmer sowie die ersparten Aufwendungen anzurechnen. Werden die Zimmer nicht anderweitig vermietet, so kann das Hotel den Abzug f\u00fcr ersparte Aufwendungen pauschalieren. Der Kunde ist in diesem Fall verpflichtet, mindestens 90 % des vertraglich vereinbarten Preises f\u00fcr \u00dcbernachtung mit oder ohne Fr\u00fchst\u00fcck sowie f\u00fcr Pauschalarrangements mit Fremdleistungen, 70 % f\u00fcr Halbpensions- und 60 % f\u00fcr Vollpensionsarrangements zu zahlen. Dem Kunden steht der Nachweis frei, dass der vorgenannte Anspruch nicht oder nicht in der geforderten H\u00f6he entstanden ist.<\/p>\n<h3>5. R\u00fccktritt des Hotels<\/h3>\n<p><strong>5.1)<\/strong> Sofern vereinbart wurde, dass der Kunde innerhalb einer bestimmten Frist kostenfrei vom Vertrag zur\u00fccktreten kann, ist das Hotel in diesem Zeitraum seinerseits berechtigt, vom Vertrag zur\u00fcckzutreten, wenn Anfragen anderer Kunden nach den vertraglich gebuchten Zimmern vorliegen und der Kunde auf R\u00fcckfrage des Hotels mit angemessener Fristsetzung auf sein Recht zum R\u00fccktritt nicht verzichtet.<\/p>\n<p><strong>5.2)<\/strong> Wird eine gem\u00e4\u00df Ziffer 3.6 und\/oder Ziffer 3.7 vereinbarte oder verlangte Vorauszahlung oder Sicherheitsleistung auch nach Verstreichen einer vom Hotel gesetzten angemessenen Nachfrist nicht geleistet, so ist das Hotel ebenfalls zum R\u00fccktritt vom Vertrag berechtigt.<\/p>\n<p><strong>5.3)<\/strong> Ferner ist das Hotel berechtigt, aus sachlich gerechtfertigtem Grund vom Vertrag au\u00dferordentlich zur\u00fcckzutreten, insbesondere<\/p>\n<ul>\n<li>falls H\u00f6here Gewalt oder andere vom Hotel nicht zu vertretende Umst\u00e4nde die Erf\u00fcllung des Vertrages unm\u00f6glich machen;<\/li>\n<li>Zimmer oder R\u00e4ume schuldhaft unter irref\u00fchrender oder falscher Angabe oder Verschweigen wesentlicher Tatsachen gebucht werden; wesentlich kann dabei die Identit\u00e4t des Kunden, die Zahlungsf\u00e4higkeit oder der Aufenthaltszweck sein;<\/li>\n<li>das Hotel begr\u00fcndeten Anlass zu der Annahme hat, dass die Inanspruchnahme der Leistung den reibungslosen Gesch\u00e4ftsbetrieb, die Sicherheit oder das Ansehen des Hotels in der \u00d6ffentlichkeit gef\u00e4hrden kann, ohne dass dies dem Herrschafts- bzw. Organisationsbereich des Hotels zuzurechnen ist;<\/li>\n<li>der Zweck bzw. der Anlass des Aufenthaltes gesetzeswidrig ist;<\/li>\n<li>ein Versto\u00df gegen oben genannte Ziffer 1.2 vorliegt.<\/li>\n<\/ul>\n<p><strong>5.4)<\/strong> Der berechtigte R\u00fccktritt des Hotels begr\u00fcndet keinen Anspruch des Kunden auf Schadensersatz.<\/p>\n<h3>6. Zimmerbereitstellung, -\u00fcbergabe und -r\u00fcckgabe<\/h3>\n<p><strong>6.1)<\/strong> Der Kunde erwirbt keinen Anspruch auf die Bereitstellung bestimmter Zimmer, soweit dieses nicht ausdr\u00fccklich vereinbart wurde.<\/p>\n<p><strong>6.2)<\/strong> Gebuchte Zimmer stehen dem Kunden ab 14:00 Uhr des vereinbarten Anreisetages zur Verf\u00fcgung. Der\u2028Kunde hat keinen Anspruch auf fr\u00fchere Bereitstellung.<\/p>\n<p><strong>6.3)<\/strong> Am vereinbarten Abreisetag sind die Zimmer dem Hotel sp\u00e4testens um 11:00 Uhr ger\u00e4umt zur Verf\u00fcgung zu stellen. Danach kann das Hotel aufgrund der versp\u00e4teten R\u00e4umung des Zimmers f\u00fcr dessen vertrags\u00fcberschreitende Nutzung bis 18:00 Uhr 50 % des vollen Logispreises (Listenpreises) in Rechnung stellen, ab 18:00 Uhr 90 %. Vertragliche Anspr\u00fcche des Kunden werden hierdurch nicht begr\u00fcndet. Ihm steht es frei nachzuweisen, dass dem Hotel kein oder ein wesentlich niedrigerer Anspruch auf Nutzungsentgelt entstanden ist.<\/p>\n<h3>7. Haftung des Hotels<\/h3>\n<p><strong>7.1)<\/strong> Das Hotel haftet f\u00fcr von ihm zu vertretende Sch\u00e4den aus der Verletzung des Lebens, des K\u00f6rpers oder der Gesundheit. Weiterhin haftet es f\u00fcr sonstige Sch\u00e4den, die auf einer vors\u00e4tzlichen oder grob fahrl\u00e4ssigen Pflichtverletzung des Hotels beziehungsweise auf einer vors\u00e4tzlichen oder fahrl\u00e4ssigen Verletzung von vertragstypischen Pflichten des Hotels beruhen. Einer Pflichtverletzung des Hotels steht die eines gesetzlichen Vertreters oder Erf\u00fcllungsgehilfen gleich. Weitergehende Schadensersatzanspr\u00fcche sind, soweit in dieser Ziffer 7 nicht anderweitig geregelt, ausgeschlossen. Sollten St\u00f6rungen oder M\u00e4n- gel an den Leistungen des Hotels auftreten, wird das Hotel bei Kenntnis oder auf unverz\u00fcgliche R\u00fcge des Kunden bem\u00fcht sein, f\u00fcr Abhilfe zu sorgen. Der Kunde ist verpflichtet, das ihm Zumutbare beizu- tragen, um die St\u00f6rung zu beheben und einen m\u00f6glichen Schaden gering zu halten.<\/p>\n<p><strong>7.2)<\/strong> F\u00fcr eingebrachte Sachen haftet das Hotel dem Kunden nach den gesetzlichen Bestimmungen. Das Hotel empfiehlt die Nutzung des Hotel- oder Zimmersafes. Sofern der Gast Geld, Wertpapiere und Kostbarkeiten mit einem Wert von mehr als 800 Euro oder sonstige Sachen mit einem Wert von mehr als 3.500 Euro einzubringen w\u00fcnscht, bedarf dies einer gesonderten Aufbewahrungsvereinbarung mit dem Hotel.<\/p>\n<p><strong>7.3)<\/strong> Soweit dem Kunden ein Stellplatz in der Hotelgarage oder auf dem Hotelparkplatz, auch gegen Entgelt, zur Verf\u00fcgung gestellt wird, kommt dadurch kein Verwahrungsvertrag zustande. Bei Abhandenkommen oder Besch\u00e4digung auf dem Hotelgrundst\u00fcck abgestellter oder rangierter Kraftfahrzeuge und deren Inhalte haftet das Hotel nur nach Ma\u00dfgabe der vorstehenden Ziffer 7.1, S\u00e4tze 1 bis 4.<\/p>\n<p><strong>7.4)<\/strong> Weckauftr\u00e4ge werden vom Hotel mit gr\u00f6\u00dfter Sorgfalt ausgef\u00fchrt.\u2028Nachrichten, Post und Warensendungen f\u00fcr die G\u00e4ste werden mit Sorgfalt behandelt. Das Hotel \u00fcbernimmt die Zustellung, Aufbewahrung und \u2013 auf Wunsch \u2013 gegen Entgelt die Nachsendung derselben. Das Hotel haftet hierbei nur nach Ma\u00dfgabe der vorstehenden Ziffer 7.1, S\u00e4tze 1 bis 4.<\/p>\n<h3>8. Schlussabstimungen<\/h3>\n<p><strong>8.1)<\/strong> \u00c4nderungen und Erg\u00e4nzungen des Vertrages, der Antragsannahme oder dieser Allgemeinen Gesch\u00e4ftsbedingungen sollen in Textform erfolgen. Einseitige \u00c4nderungen oder Erg\u00e4nzungen durch den Kunden sind unwirksam.<\/p>\n<p><strong>8.2)<\/strong> Erf\u00fcllungs- und Zahlungsort sowie ausschlie\u00dflicher Gerichtsstand \u2013 auch f\u00fcr Scheck- und Wechsel- streitigkeiten \u2013 ist im kaufm\u00e4nnischen Verkehr M\u00fcnchen. Sofern ein Vertragspartner die Voraussetzung des \u00a7 38\u2028Absatz 2 ZPO erf\u00fcllt und keinen allgemeinen Gerichtsstand im Inland hat, gilt als Gerichtsstand \u2026 M\u00fcnchen.<\/p>\n<p><strong>8.3)<\/strong> Es gilt deutsches Recht. Die Anwendung des UN-Kaufrechts und des Kollisionsrechts ist ausgeschlossen.<\/p>\n<p><strong>8.4)<\/strong> Sollten einzelne Bestimmungen dieser Allgemeinen Gesch\u00e4ftsbedingungen unwirksam oder nichtig sein oder werden, so wird dadurch die Wirksamkeit der \u00fcbrigen Bestimmungen nicht ber\u00fchrt. Im \u00dcbrigen gelten die gesetzlichen Vorschriften.<\/p>\n<p>[\/et_pb_text][\/et_pb_column][\/et_pb_row][\/et_pb_section]<\/p>\n","protected":false},"excerpt":{"rendered":"<p>AGB 1. Geltungsbereich 1.1) Diese Gesch\u00e4ftsbedingungen gelten f\u00fcr Vertr\u00e4ge \u00fcber die mietweise \u00dcberlassung von Hotelzimmern zur Beherbergung sowie alle in diesem Zusammenhang f\u00fcr den Kunden erbrachten weiteren Leistungen und Lieferungen des Hotels (Hotelaufnahmevertrag). Der Begriff \u201eHotelaufnahmevertrag\u201c umfasst und ersetzt folgende Begriffe: Beherbergungs-, Gastaufnahme-, Hotel-, Hotelzimmervertrag. 1.2) Die Unter- oder Weitervermietung der \u00fcberlassenen Zimmer sowie deren [&hellip;]<\/p>\n","protected":false},"author":2,"featured_media":0,"parent":0,"menu_order":0,"comment_status":"closed","ping_status":"closed","template":"","meta":{"_et_pb_use_builder":"on","_et_pb_old_content":"","_et_gb_content_width":"","footnotes":""},"dipi_cpt_category":[],"class_list":["post-264","page","type-page","status-publish","hentry"],"yoast_head":"<!-- This site is optimized with the Yoast SEO plugin v27.3 - https:\/\/yoast.com\/product\/yoast-seo-wordpress\/ -->\n<title>Terms and conditions - Hotel Europ\u00e4ischer Hof<\/title>\n<meta name=\"robots\" content=\"index, follow, max-snippet:-1, max-image-preview:large, max-video-preview:-1\" \/>\n<link rel=\"canonical\" href=\"https:\/\/heh.de\/en\/terms-and-conditions\/\" \/>\n<meta property=\"og:locale\" content=\"en_GB\" \/>\n<meta property=\"og:type\" content=\"article\" \/>\n<meta property=\"og:title\" content=\"Terms and conditions - Hotel Europ\u00e4ischer Hof\" \/>\n<meta property=\"og:description\" content=\"AGB 1. Geltungsbereich 1.1) Diese Gesch\u00e4ftsbedingungen gelten f\u00fcr Vertr\u00e4ge \u00fcber die mietweise \u00dcberlassung von Hotelzimmern zur Beherbergung sowie alle in diesem Zusammenhang f\u00fcr den Kunden erbrachten weiteren Leistungen und Lieferungen des Hotels (Hotelaufnahmevertrag). Der Begriff \u201eHotelaufnahmevertrag\u201c umfasst und ersetzt folgende Begriffe: Beherbergungs-, Gastaufnahme-, Hotel-, Hotelzimmervertrag. 1.2) Die Unter- oder Weitervermietung der \u00fcberlassenen Zimmer sowie deren [&hellip;]\" \/>\n<meta property=\"og:url\" content=\"https:\/\/heh.de\/en\/terms-and-conditions\/\" \/>\n<meta property=\"og:site_name\" content=\"Hotel Europ\u00e4ischer Hof\" \/>\n<meta property=\"article:modified_time\" content=\"2025-12-18T10:14:21+00:00\" \/>\n<meta name=\"twitter:card\" content=\"summary_large_image\" \/>\n<script type=\"application\/ld+json\" class=\"yoast-schema-graph\">{\"@context\":\"https:\\\/\\\/schema.org\",\"@graph\":[{\"@type\":\"WebPage\",\"@id\":\"https:\\\/\\\/heh.de\\\/en\\\/terms-and-conditions\\\/\",\"url\":\"https:\\\/\\\/heh.de\\\/en\\\/terms-and-conditions\\\/\",\"name\":\"Terms and conditions - Hotel Europ\u00e4ischer Hof\",\"isPartOf\":{\"@id\":\"https:\\\/\\\/heh.de\\\/en\\\/#website\"},\"datePublished\":\"2025-12-10T11:17:13+00:00\",\"dateModified\":\"2025-12-18T10:14:21+00:00\",\"breadcrumb\":{\"@id\":\"https:\\\/\\\/heh.de\\\/en\\\/terms-and-conditions\\\/#breadcrumb\"},\"inLanguage\":\"en-GB\",\"potentialAction\":[{\"@type\":\"ReadAction\",\"target\":[\"https:\\\/\\\/heh.de\\\/en\\\/terms-and-conditions\\\/\"]}]},{\"@type\":\"BreadcrumbList\",\"@id\":\"https:\\\/\\\/heh.de\\\/en\\\/terms-and-conditions\\\/#breadcrumb\",\"itemListElement\":[{\"@type\":\"ListItem\",\"position\":1,\"name\":\"Home\",\"item\":\"https:\\\/\\\/heh.de\\\/en\\\/\"},{\"@type\":\"ListItem\",\"position\":2,\"name\":\"Terms and conditions\"}]},{\"@type\":\"WebSite\",\"@id\":\"https:\\\/\\\/heh.de\\\/en\\\/#website\",\"url\":\"https:\\\/\\\/heh.de\\\/en\\\/\",\"name\":\"Hotel Europ\u00e4ischer Hof\",\"description\":\"Hotel M\u00fcnchen\",\"potentialAction\":[{\"@type\":\"SearchAction\",\"target\":{\"@type\":\"EntryPoint\",\"urlTemplate\":\"https:\\\/\\\/heh.de\\\/en\\\/?s={search_term_string}\"},\"query-input\":{\"@type\":\"PropertyValueSpecification\",\"valueRequired\":true,\"valueName\":\"search_term_string\"}}],\"inLanguage\":\"en-GB\"}]}<\/script>\n<!-- \/ Yoast SEO plugin. -->","yoast_head_json":{"title":"Terms and conditions - Hotel Europ\u00e4ischer Hof","robots":{"index":"index","follow":"follow","max-snippet":"max-snippet:-1","max-image-preview":"max-image-preview:large","max-video-preview":"max-video-preview:-1"},"canonical":"https:\/\/heh.de\/en\/terms-and-conditions\/","og_locale":"en_GB","og_type":"article","og_title":"Terms and conditions - Hotel Europ\u00e4ischer Hof","og_description":"AGB 1. Geltungsbereich 1.1) Diese Gesch\u00e4ftsbedingungen gelten f\u00fcr Vertr\u00e4ge \u00fcber die mietweise \u00dcberlassung von Hotelzimmern zur Beherbergung sowie alle in diesem Zusammenhang f\u00fcr den Kunden erbrachten weiteren Leistungen und Lieferungen des Hotels (Hotelaufnahmevertrag). Der Begriff \u201eHotelaufnahmevertrag\u201c umfasst und ersetzt folgende Begriffe: Beherbergungs-, Gastaufnahme-, Hotel-, Hotelzimmervertrag. 1.2) Die Unter- oder Weitervermietung der \u00fcberlassenen Zimmer sowie deren [&hellip;]","og_url":"https:\/\/heh.de\/en\/terms-and-conditions\/","og_site_name":"Hotel Europ\u00e4ischer Hof","article_modified_time":"2025-12-18T10:14:21+00:00","twitter_card":"summary_large_image","schema":{"@context":"https:\/\/schema.org","@graph":[{"@type":"WebPage","@id":"https:\/\/heh.de\/en\/terms-and-conditions\/","url":"https:\/\/heh.de\/en\/terms-and-conditions\/","name":"Terms and conditions - Hotel Europ\u00e4ischer Hof","isPartOf":{"@id":"https:\/\/heh.de\/en\/#website"},"datePublished":"2025-12-10T11:17:13+00:00","dateModified":"2025-12-18T10:14:21+00:00","breadcrumb":{"@id":"https:\/\/heh.de\/en\/terms-and-conditions\/#breadcrumb"},"inLanguage":"en-GB","potentialAction":[{"@type":"ReadAction","target":["https:\/\/heh.de\/en\/terms-and-conditions\/"]}]},{"@type":"BreadcrumbList","@id":"https:\/\/heh.de\/en\/terms-and-conditions\/#breadcrumb","itemListElement":[{"@type":"ListItem","position":1,"name":"Home","item":"https:\/\/heh.de\/en\/"},{"@type":"ListItem","position":2,"name":"Terms and conditions"}]},{"@type":"WebSite","@id":"https:\/\/heh.de\/en\/#website","url":"https:\/\/heh.de\/en\/","name":"Hotel Europ\u00e4ischer Hof","description":"Hotel M\u00fcnchen","potentialAction":[{"@type":"SearchAction","target":{"@type":"EntryPoint","urlTemplate":"https:\/\/heh.de\/en\/?s={search_term_string}"},"query-input":{"@type":"PropertyValueSpecification","valueRequired":true,"valueName":"search_term_string"}}],"inLanguage":"en-GB"}]}},"_links":{"self":[{"href":"https:\/\/heh.de\/en\/wp-json\/wp\/v2\/pages\/264","targetHints":{"allow":["GET"]}}],"collection":[{"href":"https:\/\/heh.de\/en\/wp-json\/wp\/v2\/pages"}],"about":[{"href":"https:\/\/heh.de\/en\/wp-json\/wp\/v2\/types\/page"}],"author":[{"embeddable":true,"href":"https:\/\/heh.de\/en\/wp-json\/wp\/v2\/users\/2"}],"replies":[{"embeddable":true,"href":"https:\/\/heh.de\/en\/wp-json\/wp\/v2\/comments?post=264"}],"version-history":[{"count":0,"href":"https:\/\/heh.de\/en\/wp-json\/wp\/v2\/pages\/264\/revisions"}],"wp:attachment":[{"href":"https:\/\/heh.de\/en\/wp-json\/wp\/v2\/media?parent=264"}],"wp:term":[{"taxonomy":"dipi_cpt_category","embeddable":true,"href":"https:\/\/heh.de\/en\/wp-json\/wp\/v2\/dipi_cpt_category?post=264"}],"curies":[{"name":"wp","href":"https:\/\/api.w.org\/{rel}","templated":true}]}}